


{"id":2386,"date":"2021-05-25T07:30:10","date_gmt":"2021-05-25T05:30:10","guid":{"rendered":"http:\/\/welmax.freelinelab.pl\/produkt\/reinigungstuch-weis-280-m\/"},"modified":"2021-05-25T07:30:10","modified_gmt":"2021-05-25T05:30:10","slug":"reinigungstuch-weis-280-m","status":"publish","type":"product","link":"https:\/\/welmax.eu\/de\/reinigungstuch-weis-280-m\/","title":{"rendered":"Reinigungstuch wei\u00df 280 m"},"content":{"rendered":"<p>WELMAX-Industriereinigungst\u00fccher, entwickelt f\u00fcr die Bed\u00fcrfnisse verschiedener Arten von Werkst\u00e4tten, Industrieanlagen sowie Friseur- und Kosmetikindustrie, hergestellt aus Recyclingpapier und zweischichtiger Cellulose, perfekt zum Entfernen verschiedener Arten von Fl\u00fcssigkeiten, wie z. B. Fette oder \u00d6le, sie sind auch zum Entfernen verschiedener Arten von Schmutz oder zum Abwischen der H\u00e4nde geeignet<\/p>\n","protected":false},"excerpt":{"rendered":"<p>WELMAX-Industriereinigungst\u00fccher, entwickelt f\u00fcr die Bed\u00fcrfnisse verschiedener Arten von Werkst\u00e4tten, Industrieanlagen sowie Friseur- und Kosmetikindustrie, hergestellt aus Recyclingpapier und zweischichtiger Cellulose, perfekt zum Entfernen verschiedener Arten von Fl\u00fcssigkeiten, wie z. B. Fette oder \u00d6le, sie sind auch zum Entfernen verschiedener Arten von Schmutz oder zum Abwischen der H\u00e4nde geeignet<\/p>\n","protected":false},"featured_media":0,"template":"","meta":{"_acf_changed":false,"zakra_sidebar_layout":"customizer","zakra_remove_content_margin":false,"zakra_sidebar":"customizer","zakra_transparent_header":"customizer","zakra_logo":0,"zakra_main_header_style":"default","zakra_menu_item_color":"","zakra_menu_item_hover_color":"","zakra_menu_item_active_color":"","zakra_menu_active_style":"","zakra_page_header":true},"product_brand":[],"product_cat":[23,75],"product_tag":[],"class_list":{"0":"post-2386","1":"product","2":"type-product","3":"status-publish","5":"product_cat-welmax","6":"product_cat-welmax-paper-de","8":"first","9":"instock","10":"virtual","11":"product-type-simple"},"acf":[],"_links":{"self":[{"href":"https:\/\/welmax.eu\/de\/wp-json\/wp\/v2\/product\/2386","targetHints":{"allow":["GET"]}}],"collection":[{"href":"https:\/\/welmax.eu\/de\/wp-json\/wp\/v2\/product"}],"about":[{"href":"https:\/\/welmax.eu\/de\/wp-json\/wp\/v2\/types\/product"}],"wp:attachment":[{"href":"https:\/\/welmax.eu\/de\/wp-json\/wp\/v2\/media?parent=2386"}],"wp:term":[{"taxonomy":"product_brand","embeddable":true,"href":"https:\/\/welmax.eu\/de\/wp-json\/wp\/v2\/product_brand?post=2386"},{"taxonomy":"product_cat","embeddable":true,"href":"https:\/\/welmax.eu\/de\/wp-json\/wp\/v2\/product_cat?post=2386"},{"taxonomy":"product_tag","embeddable":true,"href":"https:\/\/welmax.eu\/de\/wp-json\/wp\/v2\/product_tag?post=2386"}],"curies":[{"name":"wp","href":"https:\/\/api.w.org\/{rel}","templated":true}]}}