


{"id":2364,"date":"2021-05-17T15:29:43","date_gmt":"2021-05-17T13:29:43","guid":{"rendered":"http:\/\/welmax.freelinelab.pl\/produkt\/zz-falthandtuch-cellulose-3200\/"},"modified":"2023-10-18T12:24:11","modified_gmt":"2023-10-18T10:24:11","slug":"zz-falthandtuch-cellulose-3200","status":"publish","type":"product","link":"https:\/\/welmax.eu\/de\/zz-falthandtuch-cellulose-3200\/","title":{"rendered":"ZZ Falthandtuch Cellulose 3200"},"content":{"rendered":"<p>Zweilagiges, geklebtes, gefaltetes Handtuch aus Cellulose, bestimmt f\u00fcr den Einsatz in R\u00e4umen mit h\u00f6heren Qualit\u00e4ts- und \u00e4sthetischen Anforderungen.<\/p>\n<p>Zweilagiges, geklebtes, gefaltetes Handtuch aus Cellulose, bestimmt f\u00fcr den Einsatz in R\u00e4umen mit h\u00f6heren Qualit\u00e4ts- und \u00e4sthetischen Anforderungen. Das Produkt erhaltet <a href=\"https:\/\/welmax.eu\/wp-content\/uploads\/2023\/10\/ISEGA-60511.pdf\" target=\"_blank\" rel=\"noopener\">das ISEGA-Zertifikat<\/a> &#8211; es ermoglicht ein Kontakt mit Lebensmitteln.<\/p>\n","protected":false},"excerpt":{"rendered":"<p>Zweilagiges, geklebtes, gefaltetes Handtuch aus Cellulose, bestimmt f\u00fcr den Einsatz in R\u00e4umen mit h\u00f6heren Qualit\u00e4ts- und \u00e4sthetischen Anforderungen. Zweilagiges, geklebtes, gefaltetes Handtuch aus Cellulose, bestimmt f\u00fcr den Einsatz in R\u00e4umen mit h\u00f6heren Qualit\u00e4ts- und \u00e4sthetischen Anforderungen. Das Produkt erhaltet das ISEGA-Zertifikat &#8211; es ermoglicht ein Kontakt mit Lebensmitteln.<\/p>\n","protected":false},"featured_media":0,"template":"","meta":{"_acf_changed":false,"zakra_sidebar_layout":"customizer","zakra_remove_content_margin":false,"zakra_sidebar":"customizer","zakra_transparent_header":"customizer","zakra_logo":0,"zakra_main_header_style":"default","zakra_menu_item_color":"","zakra_menu_item_hover_color":"","zakra_menu_item_active_color":"","zakra_menu_active_style":"","zakra_page_header":true},"product_brand":[],"product_cat":[69],"product_tag":[],"class_list":{"0":"post-2364","1":"product","2":"type-product","3":"status-publish","5":"product_cat-velis-de","7":"first","8":"instock","9":"virtual","10":"product-type-simple"},"acf":[],"_links":{"self":[{"href":"https:\/\/welmax.eu\/de\/wp-json\/wp\/v2\/product\/2364","targetHints":{"allow":["GET"]}}],"collection":[{"href":"https:\/\/welmax.eu\/de\/wp-json\/wp\/v2\/product"}],"about":[{"href":"https:\/\/welmax.eu\/de\/wp-json\/wp\/v2\/types\/product"}],"wp:attachment":[{"href":"https:\/\/welmax.eu\/de\/wp-json\/wp\/v2\/media?parent=2364"}],"wp:term":[{"taxonomy":"product_brand","embeddable":true,"href":"https:\/\/welmax.eu\/de\/wp-json\/wp\/v2\/product_brand?post=2364"},{"taxonomy":"product_cat","embeddable":true,"href":"https:\/\/welmax.eu\/de\/wp-json\/wp\/v2\/product_cat?post=2364"},{"taxonomy":"product_tag","embeddable":true,"href":"https:\/\/welmax.eu\/de\/wp-json\/wp\/v2\/product_tag?post=2364"}],"curies":[{"name":"wp","href":"https:\/\/api.w.org\/{rel}","templated":true}]}}