


{"id":2359,"date":"2021-05-17T15:09:05","date_gmt":"2021-05-17T13:09:05","guid":{"rendered":"http:\/\/welmax.freelinelab.pl\/produkt\/zz-falthandtuch-weis-3000-geklebt\/"},"modified":"2021-06-10T13:12:25","modified_gmt":"2021-06-10T11:12:25","slug":"zz-falthandtuch-weis-3000-geklebt","status":"publish","type":"product","link":"https:\/\/welmax.eu\/de\/zz-falthandtuch-weis-3000-geklebt\/","title":{"rendered":"ZZ Falthandtuch wei\u00df 3000 Geklebt"},"content":{"rendered":"<p>Zweilagiges, geklebtes, gefaltetes Handtuch aus Cellulose, bestimmt f\u00fcr den Einsatz in R\u00e4umen mit h\u00f6heren Qualit\u00e4ts- und \u00e4sthetischen Anforderungen.<\/p>\n","protected":false},"excerpt":{"rendered":"<p>Zweilagiges, geklebtes, gefaltetes Handtuch aus Cellulose, bestimmt f\u00fcr den Einsatz in R\u00e4umen mit h\u00f6heren Qualit\u00e4ts- und \u00e4sthetischen Anforderungen.<\/p>\n","protected":false},"featured_media":0,"template":"","meta":{"_acf_changed":false,"zakra_sidebar_layout":"customizer","zakra_remove_content_margin":false,"zakra_sidebar":"customizer","zakra_transparent_header":"customizer","zakra_logo":0,"zakra_main_header_style":"default","zakra_menu_item_color":"","zakra_menu_item_hover_color":"","zakra_menu_item_active_color":"","zakra_menu_active_style":"","zakra_page_header":true},"product_brand":[],"product_cat":[69],"product_tag":[],"class_list":{"0":"post-2359","1":"product","2":"type-product","3":"status-publish","5":"product_cat-velis-de","7":"first","8":"instock","9":"virtual","10":"product-type-simple"},"acf":[],"_links":{"self":[{"href":"https:\/\/welmax.eu\/de\/wp-json\/wp\/v2\/product\/2359","targetHints":{"allow":["GET"]}}],"collection":[{"href":"https:\/\/welmax.eu\/de\/wp-json\/wp\/v2\/product"}],"about":[{"href":"https:\/\/welmax.eu\/de\/wp-json\/wp\/v2\/types\/product"}],"wp:attachment":[{"href":"https:\/\/welmax.eu\/de\/wp-json\/wp\/v2\/media?parent=2359"}],"wp:term":[{"taxonomy":"product_brand","embeddable":true,"href":"https:\/\/welmax.eu\/de\/wp-json\/wp\/v2\/product_brand?post=2359"},{"taxonomy":"product_cat","embeddable":true,"href":"https:\/\/welmax.eu\/de\/wp-json\/wp\/v2\/product_cat?post=2359"},{"taxonomy":"product_tag","embeddable":true,"href":"https:\/\/welmax.eu\/de\/wp-json\/wp\/v2\/product_tag?post=2359"}],"curies":[{"name":"wp","href":"https:\/\/api.w.org\/{rel}","templated":true}]}}