


{"id":2337,"date":"2021-05-17T14:52:05","date_gmt":"2021-05-17T12:52:05","guid":{"rendered":"http:\/\/welmax.freelinelab.pl\/produkt\/zz-falthandtuch-grun-smart\/"},"modified":"2021-06-10T13:09:40","modified_gmt":"2021-06-10T11:09:40","slug":"zz-falthandtuch-grun-smart","status":"publish","type":"product","link":"https:\/\/welmax.eu\/de\/zz-falthandtuch-grun-smart\/","title":{"rendered":"ZZ Falthandtuch gr\u00fcn SMART"},"content":{"rendered":"<p>\u00f6kologisches und zugleich \u00f6konomisches Falthandtuch aus hochwertigem Recyclingpapier f\u00fcr den professionellen Einsatz in stark frequentierten R\u00e4umen<\/p>\n","protected":false},"excerpt":{"rendered":"<p>\u00f6kologisches und zugleich \u00f6konomisches Falthandtuch aus hochwertigem Recyclingpapier f\u00fcr den professionellen Einsatz in stark frequentierten R\u00e4umen<\/p>\n","protected":false},"featured_media":0,"template":"","meta":{"_acf_changed":false,"zakra_sidebar_layout":"customizer","zakra_remove_content_margin":false,"zakra_sidebar":"customizer","zakra_transparent_header":"customizer","zakra_logo":0,"zakra_main_header_style":"default","zakra_menu_item_color":"","zakra_menu_item_hover_color":"","zakra_menu_item_active_color":"","zakra_menu_active_style":"","zakra_page_header":true},"product_brand":[],"product_cat":[20,69],"product_tag":[],"class_list":{"0":"post-2337","1":"product","2":"type-product","3":"status-publish","5":"product_cat-velis","6":"product_cat-velis-de","8":"first","9":"instock","10":"virtual","11":"product-type-simple"},"acf":[],"_links":{"self":[{"href":"https:\/\/welmax.eu\/de\/wp-json\/wp\/v2\/product\/2337","targetHints":{"allow":["GET"]}}],"collection":[{"href":"https:\/\/welmax.eu\/de\/wp-json\/wp\/v2\/product"}],"about":[{"href":"https:\/\/welmax.eu\/de\/wp-json\/wp\/v2\/types\/product"}],"wp:attachment":[{"href":"https:\/\/welmax.eu\/de\/wp-json\/wp\/v2\/media?parent=2337"}],"wp:term":[{"taxonomy":"product_brand","embeddable":true,"href":"https:\/\/welmax.eu\/de\/wp-json\/wp\/v2\/product_brand?post=2337"},{"taxonomy":"product_cat","embeddable":true,"href":"https:\/\/welmax.eu\/de\/wp-json\/wp\/v2\/product_cat?post=2337"},{"taxonomy":"product_tag","embeddable":true,"href":"https:\/\/welmax.eu\/de\/wp-json\/wp\/v2\/product_tag?post=2337"}],"curies":[{"name":"wp","href":"https:\/\/api.w.org\/{rel}","templated":true}]}}