


{"id":2335,"date":"2021-05-17T14:37:34","date_gmt":"2021-05-17T12:37:34","guid":{"rendered":"http:\/\/welmax.freelinelab.pl\/produkt\/zz-falthandtuch-grun-5000\/"},"modified":"2021-06-10T13:06:56","modified_gmt":"2021-06-10T11:06:56","slug":"zz-falthandtuch-grun-5000","status":"publish","type":"product","link":"https:\/\/welmax.eu\/de\/zz-falthandtuch-grun-5000\/","title":{"rendered":"ZZ Falthandtuch gr\u00fcn 5000"},"content":{"rendered":"<p>Ein umweltfreundliches gefaltetes Handtuch aus hochwertigem Recyclingpapier, das f\u00fcr den professionellen Einsatz in stark frequentierten R\u00e4umen bestimmt ist.<\/p>\n","protected":false},"excerpt":{"rendered":"<p>Ein umweltfreundliches gefaltetes Handtuch aus hochwertigem Recyclingpapier, das f\u00fcr den professionellen Einsatz in stark frequentierten R\u00e4umen bestimmt ist.<\/p>\n","protected":false},"featured_media":0,"template":"","meta":{"_acf_changed":false,"zakra_sidebar_layout":"customizer","zakra_remove_content_margin":false,"zakra_sidebar":"customizer","zakra_transparent_header":"customizer","zakra_logo":0,"zakra_main_header_style":"default","zakra_menu_item_color":"","zakra_menu_item_hover_color":"","zakra_menu_item_active_color":"","zakra_menu_active_style":"","zakra_page_header":true},"product_brand":[],"product_cat":[20,69],"product_tag":[],"class_list":{"0":"post-2335","1":"product","2":"type-product","3":"status-publish","5":"product_cat-velis","6":"product_cat-velis-de","8":"first","9":"instock","10":"virtual","11":"product-type-simple"},"acf":[],"_links":{"self":[{"href":"https:\/\/welmax.eu\/de\/wp-json\/wp\/v2\/product\/2335","targetHints":{"allow":["GET"]}}],"collection":[{"href":"https:\/\/welmax.eu\/de\/wp-json\/wp\/v2\/product"}],"about":[{"href":"https:\/\/welmax.eu\/de\/wp-json\/wp\/v2\/types\/product"}],"wp:attachment":[{"href":"https:\/\/welmax.eu\/de\/wp-json\/wp\/v2\/media?parent=2335"}],"wp:term":[{"taxonomy":"product_brand","embeddable":true,"href":"https:\/\/welmax.eu\/de\/wp-json\/wp\/v2\/product_brand?post=2335"},{"taxonomy":"product_cat","embeddable":true,"href":"https:\/\/welmax.eu\/de\/wp-json\/wp\/v2\/product_cat?post=2335"},{"taxonomy":"product_tag","embeddable":true,"href":"https:\/\/welmax.eu\/de\/wp-json\/wp\/v2\/product_tag?post=2335"}],"curies":[{"name":"wp","href":"https:\/\/api.w.org\/{rel}","templated":true}]}}