


{"id":2163,"date":"2021-05-28T09:29:37","date_gmt":"2021-05-28T07:29:37","guid":{"rendered":"http:\/\/welmax.freelinelab.pl\/ueber-uns\/ueber-das-unternehmen\/"},"modified":"2025-10-29T13:26:04","modified_gmt":"2025-10-29T12:26:04","slug":"ueber-das-unternehmen","status":"publish","type":"page","link":"https:\/\/welmax.eu\/de\/ueber-uns\/ueber-das-unternehmen\/","title":{"rendered":"\u00dcber das Unternehmen"},"content":{"rendered":"\t\t<div data-elementor-type=\"wp-page\" data-elementor-id=\"2163\" class=\"elementor elementor-2163 elementor-1119\" data-elementor-post-type=\"page\">\n\t\t\t\t\t\t<section class=\"elementor-section elementor-top-section elementor-element elementor-element-66405af elementor-section-boxed elementor-section-height-default elementor-section-height-default\" data-id=\"66405af\" data-element_type=\"section\" data-e-type=\"section\">\n\t\t\t\t\t\t<div class=\"elementor-container elementor-column-gap-default\">\n\t\t\t\t\t<div class=\"elementor-column elementor-col-50 elementor-top-column elementor-element elementor-element-dc96051\" data-id=\"dc96051\" data-element_type=\"column\" data-e-type=\"column\">\n\t\t\t<div class=\"elementor-widget-wrap elementor-element-populated\">\n\t\t\t\t\t\t<div class=\"elementor-element elementor-element-23604f1 elementor-widget elementor-widget-heading\" data-id=\"23604f1\" data-element_type=\"widget\" data-e-type=\"widget\" data-widget_type=\"heading.default\">\n\t\t\t\t<div class=\"elementor-widget-container\">\n\t\t\t\t\t<h2 class=\"elementor-heading-title elementor-size-default\">\u00dcber das Unternehmen<\/h2>\t\t\t\t<\/div>\n\t\t\t\t<\/div>\n\t\t\t\t<div class=\"elementor-element elementor-element-8dd91aa elementor-widget elementor-widget-text-editor\" data-id=\"8dd91aa\" data-element_type=\"widget\" data-e-type=\"widget\" data-widget_type=\"text-editor.default\">\n\t\t\t\t<div class=\"elementor-widget-container\">\n\t\t\t\t\t\t\t\t\t<p>Welmax Paper Team<\/p>\n\t\t\t\t\t\t\t\t<\/div>\n\t\t\t\t<\/div>\n\t\t\t\t<div class=\"elementor-element elementor-element-48a3484 elementor-widget elementor-widget-text-editor\" data-id=\"48a3484\" data-element_type=\"widget\" data-e-type=\"widget\" data-widget_type=\"text-editor.default\">\n\t\t\t\t<div class=\"elementor-widget-container\">\n\t\t\t\t\t\t\t\t\t<p>Welmax Paper Sp. GmbH. ist der gr\u00f6\u00dfte Hersteller von hygienischem Papier und Tissue in der Region Lublin f\u00fcr die AFH-Industrie.<br>Seit \u00fcber 30 Jahren liegt unser Hauptaugenmerk auf Produktqualit\u00e4t und Umweltfreundlichkeit.<\/p>\n<p>Wir wissen seinen gro\u00dfen Wert zu sch\u00e4tzen, deshalb handeln wir im Einklang mit der Natur. Wir stellen Tissue-Papier nur aus zertifizierten und \u00f6kologischen Rohstoffen her. Wir haben ein Zertifikat des Nationalen Instituts f\u00fcr Hygiene f\u00fcr unsere Produkte.<\/p>\n<p>Im Rahmen der st\u00e4ndigen Verbesserung der Produkte und des technologischen Prozesses beraten wir uns mit wissenschaftlichen und Forschungsinstituten. Die Entwicklung des Unternehmens \u00fcber ein Vierteljahrhundert hat zu einer gut etablierten Position auf dem Markt gef\u00fchrt. Wir haben Erfahrung und Wissen gesammelt, mit flei\u00dfiger Arbeit haben wir grundlegende Fortschritte gemacht.<br>Wenn Sie nicht sicher sind, welches Produkt f\u00fcr Ihr Unternehmen, Ihre Institution, Ihre Schule oder Ihr Krankenhaus am besten geeignet und am effizientesten ist, schreiben Sie uns oder rufen Sie uns an. Unser gut geschultes Personal hilft Ihnen gerne weiter.<\/p>\t\t\t\t\t\t\t\t<\/div>\n\t\t\t\t<\/div>\n\t\t\t\t\t<\/div>\n\t\t<\/div>\n\t\t\t\t<div class=\"elementor-column elementor-col-50 elementor-top-column elementor-element elementor-element-0571bd7\" data-id=\"0571bd7\" data-element_type=\"column\" data-e-type=\"column\">\n\t\t\t<div class=\"elementor-widget-wrap elementor-element-populated\">\n\t\t\t\t\t\t<div class=\"elementor-element elementor-element-52d0edf elementor-widget elementor-widget-image\" data-id=\"52d0edf\" data-element_type=\"widget\" data-e-type=\"widget\" data-widget_type=\"image.default\">\n\t\t\t\t<div class=\"elementor-widget-container\">\n\t\t\t\t\t\t\t\t\t\t\t\t\t\t\t<img fetchpriority=\"high\" decoding=\"async\" width=\"812\" height=\"542\" src=\"https:\/\/welmax.eu\/wp-content\/uploads\/2021\/06\/welmax-1-1024x684.jpg\" class=\"attachment-large size-large wp-image-2259\" alt=\"Producent Papieru\" srcset=\"https:\/\/welmax.eu\/wp-content\/uploads\/2021\/06\/welmax-1-1024x684.jpg 1024w, https:\/\/welmax.eu\/wp-content\/uploads\/2021\/06\/welmax-1-300x200.jpg 300w, https:\/\/welmax.eu\/wp-content\/uploads\/2021\/06\/welmax-1-768x513.jpg 768w, https:\/\/welmax.eu\/wp-content\/uploads\/2021\/06\/welmax-1-1536x1026.jpg 1536w, https:\/\/welmax.eu\/wp-content\/uploads\/2021\/06\/welmax-1-600x401.jpg 600w, https:\/\/welmax.eu\/wp-content\/uploads\/2021\/06\/welmax-1.jpg 1920w\" sizes=\"(max-width: 812px) 100vw, 812px\" \/>\t\t\t\t\t\t\t\t\t\t\t\t\t\t\t<\/div>\n\t\t\t\t<\/div>\n\t\t\t\t\t<\/div>\n\t\t<\/div>\n\t\t\t\t\t<\/div>\n\t\t<\/section>\n\t\t\t\t<section class=\"elementor-section elementor-top-section elementor-element elementor-element-88a618a elementor-section-boxed elementor-section-height-default elementor-section-height-default\" data-id=\"88a618a\" data-element_type=\"section\" data-e-type=\"section\">\n\t\t\t\t\t\t<div class=\"elementor-container elementor-column-gap-default\">\n\t\t\t\t\t<div class=\"elementor-column elementor-col-100 elementor-top-column elementor-element elementor-element-f29656f\" data-id=\"f29656f\" data-element_type=\"column\" data-e-type=\"column\">\n\t\t\t<div class=\"elementor-widget-wrap elementor-element-populated\">\n\t\t\t\t\t\t<div class=\"elementor-element elementor-element-77b82b4 elementor-widget elementor-widget-heading\" data-id=\"77b82b4\" data-element_type=\"widget\" data-e-type=\"widget\" data-widget_type=\"heading.default\">\n\t\t\t\t<div class=\"elementor-widget-container\">\n\t\t\t\t\t<h2 class=\"elementor-heading-title elementor-size-default\">Die Unternehmensgeschichte:<\/h2>\t\t\t\t<\/div>\n\t\t\t\t<\/div>\n\t\t\t\t<div class=\"elementor-element elementor-element-cb54143 elementor-widget elementor-widget-timeline-widget-addon\" data-id=\"cb54143\" data-element_type=\"widget\" data-e-type=\"widget\" data-widget_type=\"timeline-widget-addon.default\">\n\t\t\t\t<div class=\"elementor-widget-container\">\n\t\t\t\t\t<!-- ========= Timeline Widget Addon For Elementor 1.6.24 ========= -->\n<div id=\"twae-wrapper-cb54143\" class=\"twae-vertical twae-wrapper  twae-both-sided\">   \n    <div class=\"twae-start\"><\/div>    \n    <div id=\"twea-timeline-cb54143\" class=\"twae-timeline\" ><!-- Start of Story Repeater Content --><div id=\"story-31d23f3\" class=\"twae-story twae-repeater-item twae-story-right twae-story-no-icon\"><!-- Story Label --><div class=\"twae-labels\"><div class=\"twae-label-big\">1995<\/div><\/div><!-- Story Icon --><div class=\"twae-icon\"><\/div><!-- Story Arrow --><div class=\"twae-arrow\"><\/div><!-- Start of Story Content --><div class=\"twae-content\"><!-- Story Title --><div class=\"twae-title\">ANF\u00c4NGE<\/div><!-- Story Description --><div class=\"twae-description\"><p>Gr\u00fcndung eines Unternehmens in der Papierindustrie.<\/p><\/div><\/div><\/div><!-- Start of Story Repeater Content --><div id=\"story-f18f686\" class=\"twae-story twae-repeater-item twae-story-left twae-story-no-icon\"><!-- Story Label --><div class=\"twae-labels\"><div class=\"twae-label-big\">1997<\/div><\/div><!-- Story Icon --><div class=\"twae-icon\"><\/div><!-- Story Arrow --><div class=\"twae-arrow\"><\/div><!-- Start of Story Content --><div class=\"twae-content\"><!-- Story Title --><div class=\"twae-title\">ERSTE INVESTITIONEN<\/div><!-- Story Description --><div class=\"twae-description\"><p lang=\"de-DE\">Kauf, Installation und Inbetriebnahme einer Papiermaschine.<\/p><\/div><\/div><\/div><!-- Start of Story Repeater Content --><div id=\"story-cf77327\" class=\"twae-story twae-repeater-item twae-story-right twae-story-no-icon\"><!-- Story Label --><div class=\"twae-labels\"><div class=\"twae-label-big\">2002<\/div><\/div><!-- Story Icon --><div class=\"twae-icon\"><\/div><!-- Story Arrow --><div class=\"twae-arrow\"><\/div><!-- Start of Story Content --><div class=\"twae-content\"><!-- Story Title --><div class=\"twae-title\">NEUE M\u00d6GLICHKEITEN<\/div><!-- Story Description --><div class=\"twae-description\"><p lang=\"de-DE\">Kauf, Montage und Inbetriebnahme der ersten Maschine zur Herstellung von Falthandt\u00fcchern vom Typ ZZ.<\/p><\/div><\/div><\/div><!-- Start of Story Repeater Content --><div id=\"story-d77ff5d\" class=\"twae-story twae-repeater-item twae-story-left twae-story-no-icon\"><!-- Story Label --><div class=\"twae-labels\"><div class=\"twae-label-big\">2006-2008<\/div><\/div><!-- Story Icon --><div class=\"twae-icon\"><\/div><!-- Story Arrow --><div class=\"twae-arrow\"><\/div><!-- Start of Story Content --><div class=\"twae-content\"><!-- Story Title --><div class=\"twae-title\">MODERNISIERUNG<\/div><!-- Story Description --><div class=\"twae-description\"><p lang=\"de-DE\">Modernisierung der Papiermaschine. Inbetriebnahme der neuen Linie f\u00fcr die Produktion von verpackten Produkten, MINI- und MAXI-Rollenhandt\u00fcchern.<\/p><\/div><\/div><\/div><!-- Start of Story Repeater Content --><div id=\"story-62b788f\" class=\"twae-story twae-repeater-item twae-story-right twae-story-no-icon\"><!-- Story Label --><div class=\"twae-labels\"><div class=\"twae-label-big\">2010<\/div><\/div><!-- Story Icon --><div class=\"twae-icon\"><\/div><!-- Story Arrow --><div class=\"twae-arrow\"><\/div><!-- Start of Story Content --><div class=\"twae-content\"><!-- Story Title --><div class=\"twae-title\">ERKENNBARKEIT<\/div><!-- Story Description --><div class=\"twae-description\"><p lang=\"de-DE\">Einf\u00fchrung von gefalteten Handt\u00fcchern unter der Marke VELIS. Sukzessive Umsatzsteigerung auf dem heimischen und europ\u00e4ischen Markt.<\/p><\/div><\/div><\/div><!-- Start of Story Repeater Content --><div id=\"story-a8deb40\" class=\"twae-story twae-repeater-item twae-story-left twae-story-no-icon\"><!-- Story Label --><div class=\"twae-labels\"><div class=\"twae-label-big\">2011<\/div><\/div><!-- Story Icon --><div class=\"twae-icon\"><\/div><!-- Story Arrow --><div class=\"twae-arrow\"><\/div><!-- Start of Story Content --><div class=\"twae-content\"><!-- Story Title --><div class=\"twae-title\">VERBESSERUNG<\/div><!-- Story Description --><div class=\"twae-description\"><p>Einf\u00fchrung in das Angebot und die Herstellung von gefalteten ZZ-Handt\u00fcchern.<\/p><\/div><\/div><\/div><!-- Start of Story Repeater Content --><div id=\"story-6236e5a\" class=\"twae-story twae-repeater-item twae-story-right twae-story-no-icon\"><!-- Story Label --><div class=\"twae-labels\"><div class=\"twae-label-big\">2012<\/div><\/div><!-- Story Icon --><div class=\"twae-icon\"><\/div><!-- Story Arrow --><div class=\"twae-arrow\"><\/div><!-- Start of Story Content --><div class=\"twae-content\"><!-- Story Title --><div class=\"twae-title\">WELMAX NEU<\/div><!-- Story Description --><div class=\"twae-description\"><p lang=\"de-DE\">Umwandlung des Einzelunternehmens in eine Gesellschaft mit beschr\u00e4nkter Haftung.<\/p><\/div><\/div><\/div><!-- Start of Story Repeater Content --><div id=\"story-b675a6f\" class=\"twae-story twae-repeater-item twae-story-left twae-story-no-icon\"><!-- Story Label --><div class=\"twae-labels\"><div class=\"twae-label-big\">2015-2017<\/div><\/div><!-- Story Icon --><div class=\"twae-icon\"><\/div><!-- Story Arrow --><div class=\"twae-arrow\"><\/div><!-- Start of Story Content --><div class=\"twae-content\"><!-- Story Title --><div class=\"twae-title\">AUTOMATISIERUNG<\/div><!-- Story Description --><div class=\"twae-description\"><p>Austausch und Modernisierung des Maschinenparks, Installation neuer Anlagen zur Herstellung von Rollenprodukten und Automatisierung von Produktionslinien.<\/p><\/div><\/div><\/div><!-- Start of Story Repeater Content --><div id=\"story-36c9c5c\" class=\"twae-story twae-repeater-item twae-story-right twae-story-no-icon\"><!-- Story Label --><div class=\"twae-labels\"><div class=\"twae-label-big\">2018 <\/div><\/div><!-- Story Icon --><div class=\"twae-icon\"><\/div><!-- Story Arrow --><div class=\"twae-arrow\"><\/div><!-- Start of Story Content --><div class=\"twae-content\"><!-- Story Title --><div class=\"twae-title\">OPTIMIERUNG<\/div><!-- Story Description --><div class=\"twae-description\"><p lang=\"de-DE\">Einf\u00fchrung von Maschinen zur Produktion von Rollenhandt\u00fcchern und gebundenem Toilettenpapier. Einf\u00fchrung von Rollenprodukten unter der Marke VELISSO.<\/p><\/div><\/div><\/div><!-- Start of Story Repeater Content --><div id=\"story-cdc13e9\" class=\"twae-story twae-repeater-item twae-story-left twae-story-no-icon\"><!-- Story Label --><div class=\"twae-labels\"><div class=\"twae-label-big\">2019<\/div><\/div><!-- Story Icon --><div class=\"twae-icon\"><\/div><!-- Story Arrow --><div class=\"twae-arrow\"><\/div><!-- Start of Story Content --><div class=\"twae-content\"><!-- Story Title --><div class=\"twae-title\">EFFIZIENZ <\/div><!-- Story Description --><div class=\"twae-description\"><p lang=\"de-DE\">Kauf, Montage und Inbetriebnahme einer vollautomatischen und modernen Linie f\u00fcr die Produktion von Falthandt\u00fcchern mit der M\u00f6glichkeit der Lagenverklebung.<\/p><\/div><\/div><\/div><!-- Start of Story Repeater Content --><div id=\"story-ce206a6\" class=\"twae-story twae-repeater-item twae-story-right twae-story-no-icon\"><!-- Story Label --><div class=\"twae-labels\"><div class=\"twae-label-big\">2020<\/div><\/div><!-- Story Icon --><div class=\"twae-icon\"><\/div><!-- Story Arrow --><div class=\"twae-arrow\"><\/div><!-- Start of Story Content --><div class=\"twae-content\"><!-- Story Title --><div class=\"twae-title\">ENTWICKLUNG<\/div><!-- Story Description --><div class=\"twae-description\"><p lang=\"de-DE\">Kontinuierliche Verbesserung und Pflege der erworbenen Zertifikate und Einf\u00fchrung des neuen FSC- und PEFC-Systems.<\/p><\/div><\/div><\/div><!-- Start of Story Repeater Content --><div id=\"story-f651e5e\" class=\"twae-story twae-repeater-item twae-story-left twae-story-no-icon\"><!-- Story Label --><div class=\"twae-labels\"><div class=\"twae-label-big\">2021<\/div><\/div><!-- Story Icon --><div class=\"twae-icon\"><\/div><!-- Story Arrow --><div class=\"twae-arrow\"><\/div><!-- Start of Story Content --><div class=\"twae-content\"><!-- Story Title --><div class=\"twae-title\">ZUKUNFT<\/div><!-- Story Description --><div class=\"twae-description\"><p lang=\"de-DE\">Einf\u00fchrung von Produkten unter der Marke VELEO.<\/p><\/div><\/div><\/div><!-- Start of Story Repeater Content --><div id=\"story-7dd85d5\" class=\"twae-story twae-repeater-item twae-story-right twae-story-no-icon\"><!-- Story Label --><div class=\"twae-labels\"><div class=\"twae-label-big\">2022-2024<\/div><\/div><!-- Story Icon --><div class=\"twae-icon\"><i aria-hidden=\"true\" class=\"far fa-clock\"><\/i><\/div><!-- Story Arrow --><div class=\"twae-arrow\"><\/div><!-- Start of Story Content --><div class=\"twae-content\"><!-- Story Title --><div class=\"twae-title\">Die Umwelt<\/div><!-- Story Description --><div class=\"twae-description\"><p>Welmax Paper arbeitet im Einklang mit der Natur und sorgt f\u00fcr das lokale \u00d6kosystem.<\/p><\/div><\/div><\/div><\/div>\n    <div class=\"twae-end\"><\/div>\n    <\/div>\t\t\t\t<\/div>\n\t\t\t\t<\/div>\n\t\t\t\t\t<\/div>\n\t\t<\/div>\n\t\t\t\t\t<\/div>\n\t\t<\/section>\n\t\t\t\t<section class=\"elementor-section elementor-top-section elementor-element elementor-element-53681e5 elementor-section-boxed elementor-section-height-default elementor-section-height-default\" data-id=\"53681e5\" data-element_type=\"section\" data-e-type=\"section\">\n\t\t\t\t\t\t<div class=\"elementor-container elementor-column-gap-default\">\n\t\t\t\t\t<div class=\"elementor-column elementor-col-100 elementor-top-column elementor-element elementor-element-fbc892b\" data-id=\"fbc892b\" data-element_type=\"column\" data-e-type=\"column\">\n\t\t\t<div class=\"elementor-widget-wrap\">\n\t\t\t\t\t\t\t<\/div>\n\t\t<\/div>\n\t\t\t\t\t<\/div>\n\t\t<\/section>\n\t\t\t\t<\/div>\n\t\t","protected":false},"excerpt":{"rendered":"<p>\u00dcber das Unternehmen Welmax Paper Team Welmax Paper Sp. GmbH. ist der gr\u00f6\u00dfte Hersteller von hygienischem Papier und Tissue in der Region Lublin f\u00fcr die AFH-Industrie.Seit \u00fcber 30 Jahren liegt unser Hauptaugenmerk auf Produktqualit\u00e4t und Umweltfreundlichkeit. Wir wissen seinen gro\u00dfen Wert zu sch\u00e4tzen, deshalb handeln wir im Einklang mit der Natur. Wir stellen Tissue-Papier nur [&hellip;]<\/p>\n","protected":false},"author":1,"featured_media":0,"parent":2107,"menu_order":0,"comment_status":"closed","ping_status":"closed","template":"elementor_header_footer","meta":{"_acf_changed":false,"zakra_sidebar_layout":"customizer","zakra_remove_content_margin":false,"zakra_sidebar":"customizer","zakra_transparent_header":"customizer","zakra_logo":0,"zakra_main_header_style":"default","zakra_menu_item_color":"","zakra_menu_item_hover_color":"","zakra_menu_item_active_color":"","zakra_menu_active_style":"","zakra_page_header":true,"footnotes":""},"class_list":["post-2163","page","type-page","status-publish","hentry"],"acf":[],"_links":{"self":[{"href":"https:\/\/welmax.eu\/de\/wp-json\/wp\/v2\/pages\/2163","targetHints":{"allow":["GET"]}}],"collection":[{"href":"https:\/\/welmax.eu\/de\/wp-json\/wp\/v2\/pages"}],"about":[{"href":"https:\/\/welmax.eu\/de\/wp-json\/wp\/v2\/types\/page"}],"author":[{"embeddable":true,"href":"https:\/\/welmax.eu\/de\/wp-json\/wp\/v2\/users\/1"}],"replies":[{"embeddable":true,"href":"https:\/\/welmax.eu\/de\/wp-json\/wp\/v2\/comments?post=2163"}],"version-history":[{"count":3,"href":"https:\/\/welmax.eu\/de\/wp-json\/wp\/v2\/pages\/2163\/revisions"}],"predecessor-version":[{"id":3644,"href":"https:\/\/welmax.eu\/de\/wp-json\/wp\/v2\/pages\/2163\/revisions\/3644"}],"up":[{"embeddable":true,"href":"https:\/\/welmax.eu\/de\/wp-json\/wp\/v2\/pages\/2107"}],"wp:attachment":[{"href":"https:\/\/welmax.eu\/de\/wp-json\/wp\/v2\/media?parent=2163"}],"curies":[{"name":"wp","href":"https:\/\/api.w.org\/{rel}","templated":true}]}}